{"id":2499,"date":"2021-12-29T16:39:58","date_gmt":"2021-12-29T15:39:58","guid":{"rendered":"https:\/\/madelskicollection.com\/strona-glowna\/"},"modified":"2023-11-16T12:14:03","modified_gmt":"2023-11-16T11:14:03","slug":"strona-glowna","status":"publish","type":"page","link":"https:\/\/madelskicollection.com\/en\/","title":{"rendered":"Strona g\u0142\u00f3wna"},"content":{"rendered":"","protected":false},"excerpt":{"rendered":"","protected":false},"author":1,"featured_media":0,"parent":0,"menu_order":0,"comment_status":"closed","ping_status":"closed","template":"","meta":{"footnotes":""},"class_list":["post-2499","page","type-page","status-publish","hentry"],"acf":{"sections":[{"acf_fc_layout":"slider_link","slider":[{"img":1631,"color":"white","title":"Dzie\u0142a z kolekcji","subtitle":"Aneta Grzeszykowska, 2007\r\n32 z cyklu United FIlms Stills","link":"https:\/\/madelskicollection.com\/kolekcje\/"},{"img":1559,"color":"black","title":"Prace z kolekcji","subtitle":"Aneta Grzeszykowska, 2009\r\n32 z cyklu United FIlms Stills","link":"https:\/\/madelskicollection.com\/"}]},{"acf_fc_layout":"collections"},{"acf_fc_layout":"about","title":"Kolekcja Madelskich","subtitle":"Harmonia kontrast\u00f3w","img":1632,"text":"Konfrontuje artyst\u00f3w z artystkami, ale te\u017c \u201estare malarstwo\u201d z \u201enowymi mediami\u201d. Wydobywa napi\u0119cie obecne w sztuce wsp\u00f3\u0142czesnej pomi\u0119dzy abstrakcj\u0105 malarsk\u0105 a fotograficznym konkretem, pomi\u0119dzy \u201eczyst\u0105 form\u0105\u201d a \u201ebrudn\u0105 polityk\u0105\u201d. Daje r\u00f3wnie\u017c okazj\u0119, by zobaczy\u0107 w dialektycznym uj\u0119ciu nie tylko sztuk\u0119 kobiet i m\u0119\u017cczyzn, ale tak\u017ce uznanych klasyk\u00f3w i artyst\u00f3w m\u0142odego pokolenia."}]},"_links":{"self":[{"href":"https:\/\/madelskicollection.com\/en\/wp-json\/wp\/v2\/pages\/2499","targetHints":{"allow":["GET"]}}],"collection":[{"href":"https:\/\/madelskicollection.com\/en\/wp-json\/wp\/v2\/pages"}],"about":[{"href":"https:\/\/madelskicollection.com\/en\/wp-json\/wp\/v2\/types\/page"}],"author":[{"embeddable":true,"href":"https:\/\/madelskicollection.com\/en\/wp-json\/wp\/v2\/users\/1"}],"replies":[{"embeddable":true,"href":"https:\/\/madelskicollection.com\/en\/wp-json\/wp\/v2\/comments?post=2499"}],"version-history":[{"count":2,"href":"https:\/\/madelskicollection.com\/en\/wp-json\/wp\/v2\/pages\/2499\/revisions"}],"predecessor-version":[{"id":2508,"href":"https:\/\/madelskicollection.com\/en\/wp-json\/wp\/v2\/pages\/2499\/revisions\/2508"}],"wp:attachment":[{"href":"https:\/\/madelskicollection.com\/en\/wp-json\/wp\/v2\/media?parent=2499"}],"curies":[{"name":"wp","href":"https:\/\/api.w.org\/{rel}","templated":true}]}}